{"id":2887,"date":"2021-04-16T13:02:57","date_gmt":"2021-04-16T11:02:57","guid":{"rendered":"https:\/\/www.gtr7.net\/serveis\/"},"modified":"2022-05-17T16:24:56","modified_gmt":"2022-05-17T14:24:56","slug":"servicios","status":"publish","type":"page","link":"https:\/\/www.gtr7.net\/es\/servicios\/","title":{"rendered":"Servicios"},"content":{"rendered":"\t\t<div data-elementor-type=\"wp-page\" data-elementor-id=\"2887\" class=\"elementor elementor-2887 elementor-2794\" data-elementor-settings=\"[]\">\n\t\t\t<div class=\"elementor-inner\">\n\t\t\t\t<div class=\"elementor-section-wrap\">\n\t\t\t\t\t\t\t<section class=\"elementor-element elementor-element-609f414 elementor-section-boxed elementor-section-height-default elementor-section-height-default elementor-section elementor-top-section\" data-id=\"609f414\" data-element_type=\"section\">\n\t\t\t\t\t\t<div class=\"elementor-container elementor-column-gap-default\">\n\t\t\t\t<div class=\"elementor-row\">\n\t\t\t\t<div class=\"elementor-element elementor-element-1cfd149 elementor-column elementor-col-100 elementor-top-column\" data-id=\"1cfd149\" data-element_type=\"column\">\n\t\t\t<div class=\"elementor-column-wrap  elementor-element-populated\">\n\t\t\t\t\t<div class=\"elementor-widget-wrap\">\n\t\t\t\t<div class=\"elementor-element elementor-element-2c788d6 elementor-heading__align-center elementor-widget elementor-widget-heading\" data-id=\"2c788d6\" data-element_type=\"widget\" data-widget_type=\"heading.default\">\n\t\t\t\t<div class=\"elementor-widget-container\">\n\t\t\t<h2 class=\"elementor-heading-title elementor-size-default\">NUESTROS SERVICIOS<\/h2>\t\t<\/div>\n\t\t\t\t<\/div>\n\t\t\t\t\t\t<\/div>\n\t\t\t<\/div>\n\t\t<\/div>\n\t\t\t\t\t\t<\/div>\n\t\t\t<\/div>\n\t\t<\/section>\n\t\t\t\t<section class=\"elementor-element elementor-element-83fb0a7 elementor-section-boxed elementor-section-height-default elementor-section-height-default elementor-section elementor-top-section\" data-id=\"83fb0a7\" data-element_type=\"section\">\n\t\t\t\t\t\t<div class=\"elementor-container elementor-column-gap-default\">\n\t\t\t\t<div class=\"elementor-row\">\n\t\t\t\t<div class=\"elementor-element elementor-element-1e9df14 elementor-column elementor-col-25 elementor-top-column\" data-id=\"1e9df14\" data-element_type=\"column\">\n\t\t\t<div class=\"elementor-column-wrap\">\n\t\t\t\t\t<div class=\"elementor-widget-wrap\">\n\t\t\t\t\t\t<\/div>\n\t\t\t<\/div>\n\t\t<\/div>\n\t\t\t\t<div class=\"elementor-element elementor-element-418b85b elementor-column elementor-col-50 elementor-top-column\" data-id=\"418b85b\" data-element_type=\"column\">\n\t\t\t<div class=\"elementor-column-wrap  elementor-element-populated\">\n\t\t\t\t\t<div class=\"elementor-widget-wrap\">\n\t\t\t\t<div class=\"elementor-element elementor-element-801561a elementor-widget elementor-widget-text-editor\" data-id=\"801561a\" data-element_type=\"widget\" data-widget_type=\"text-editor.default\">\n\t\t\t\t<div class=\"elementor-widget-container\">\n\t\t\t\t\t<div class=\"elementor-text-editor elementor-clearfix\"><p>Despu\u00e9s de haber revisado las ca\u00f1er\u00edas e identificar el problema, os podemos ofrecer una de estas tres posibles intervenciones:<\/p><\/div>\n\t\t\t\t<\/div>\n\t\t\t\t<\/div>\n\t\t\t\t\t\t<\/div>\n\t\t\t<\/div>\n\t\t<\/div>\n\t\t\t\t<div class=\"elementor-element elementor-element-fc33034 elementor-column elementor-col-25 elementor-top-column\" data-id=\"fc33034\" data-element_type=\"column\">\n\t\t\t<div class=\"elementor-column-wrap\">\n\t\t\t\t\t<div class=\"elementor-widget-wrap\">\n\t\t\t\t\t\t<\/div>\n\t\t\t<\/div>\n\t\t<\/div>\n\t\t\t\t\t\t<\/div>\n\t\t\t<\/div>\n\t\t<\/section>\n\t\t\t\t<section class=\"elementor-element elementor-element-75db5ae elementor-section-boxed elementor-section-height-default elementor-section-height-default elementor-section elementor-top-section\" data-id=\"75db5ae\" data-element_type=\"section\">\n\t\t\t\t\t\t<div class=\"elementor-container elementor-column-gap-wide\">\n\t\t\t\t<div class=\"elementor-row\">\n\t\t\t\t<div class=\"elementor-element elementor-element-f0db894 elementor-column elementor-col-33 elementor-top-column\" data-id=\"f0db894\" data-element_type=\"column\">\n\t\t\t<div class=\"elementor-column-wrap  elementor-element-populated\">\n\t\t\t\t\t<div class=\"elementor-widget-wrap\">\n\t\t\t\t<div class=\"elementor-element elementor-element-d9d92c9 elementor-widget elementor-widget-image\" data-id=\"d9d92c9\" data-element_type=\"widget\" data-widget_type=\"image.default\">\n\t\t\t\t<div class=\"elementor-widget-container\">\n\t\t\t\t\t<div class=\"elementor-image\">\n\t\t\t\t\t\t\t\t\t\t<img width=\"304\" height=\"308\" src=\"https:\/\/www.gtr7.net\/wp-content\/uploads\/2021\/04\/REPARACIO.png\" class=\"attachment-large size-large\" alt=\"REPARACI\u00d3\" loading=\"lazy\" srcset=\"https:\/\/www.gtr7.net\/wp-content\/uploads\/2021\/04\/REPARACIO.png 304w, https:\/\/www.gtr7.net\/wp-content\/uploads\/2021\/04\/REPARACIO-296x300.png 296w, https:\/\/www.gtr7.net\/wp-content\/uploads\/2021\/04\/REPARACIO-100x100.png 100w\" sizes=\"(max-width: 304px) 100vw, 304px\" \/>\t\t\t\t\t\t\t\t\t\t\t<\/div>\n\t\t\t\t<\/div>\n\t\t\t\t<\/div>\n\t\t\t\t<div class=\"elementor-element elementor-element-4cdd089 elementor-widget elementor-widget-text-editor\" data-id=\"4cdd089\" data-element_type=\"widget\" data-widget_type=\"text-editor.default\">\n\t\t\t\t<div class=\"elementor-widget-container\">\n\t\t\t\t\t<div class=\"elementor-text-editor elementor-clearfix\"><h3 style=\"text-align: center;\"><strong>ENCAMISADO<\/strong><\/h3><p style=\"text-align: center;\">Rehabilitaci\u00f3n total de la ca\u00f1er\u00eda mediante el encamisado de esta con una resina epoxi sobre toda la longitud de la ca\u00f1er\u00eda. Esta nueva capa dar\u00e1 fortaleza estructural a la ca\u00f1er\u00eda. Se utiliza la ca\u00f1er\u00eda Antigua como molde para crear una nueva en su interior.<\/p><\/div>\n\t\t\t\t<\/div>\n\t\t\t\t<\/div>\n\t\t\t\t\t\t<\/div>\n\t\t\t<\/div>\n\t\t<\/div>\n\t\t\t\t<div class=\"elementor-element elementor-element-8756e80 elementor-column elementor-col-33 elementor-top-column\" data-id=\"8756e80\" data-element_type=\"column\">\n\t\t\t<div class=\"elementor-column-wrap  elementor-element-populated\">\n\t\t\t\t\t<div class=\"elementor-widget-wrap\">\n\t\t\t\t<div class=\"elementor-element elementor-element-ec8aa3d elementor-widget elementor-widget-image\" data-id=\"ec8aa3d\" data-element_type=\"widget\" data-widget_type=\"image.default\">\n\t\t\t\t<div class=\"elementor-widget-container\">\n\t\t\t\t\t<div class=\"elementor-image\">\n\t\t\t\t\t\t\t\t\t\t<img width=\"304\" height=\"308\" src=\"https:\/\/www.gtr7.net\/wp-content\/uploads\/2021\/04\/ENCAMISAT.png\" class=\"attachment-large size-large\" alt=\"ENCAMISAT\" loading=\"lazy\" srcset=\"https:\/\/www.gtr7.net\/wp-content\/uploads\/2021\/04\/ENCAMISAT.png 304w, https:\/\/www.gtr7.net\/wp-content\/uploads\/2021\/04\/ENCAMISAT-296x300.png 296w, https:\/\/www.gtr7.net\/wp-content\/uploads\/2021\/04\/ENCAMISAT-100x100.png 100w\" sizes=\"(max-width: 304px) 100vw, 304px\" \/>\t\t\t\t\t\t\t\t\t\t\t<\/div>\n\t\t\t\t<\/div>\n\t\t\t\t<\/div>\n\t\t\t\t<div class=\"elementor-element elementor-element-09cf2d8 elementor-widget elementor-widget-text-editor\" data-id=\"09cf2d8\" data-element_type=\"widget\" data-widget_type=\"text-editor.default\">\n\t\t\t\t<div class=\"elementor-widget-container\">\n\t\t\t\t\t<div class=\"elementor-text-editor elementor-clearfix\"><h3 style=\"text-align: center;\"><strong>FRESADO Y CUIDADO<\/strong><\/h3><p style=\"text-align: center;\">Antes de cualquiera reparaci\u00f3n o renovaci\u00f3n, se debe limpiar la tuber\u00eda de todas las impurezas o elementos que obstaculizan el paso del agua, como por ejemplo ra\u00edces, acumulaci\u00f3n de papel o residuos. Mediante un robot podemos realizar acciones de curaci\u00f3n y\/o fresado en funci\u00f3n de la suciedad de la tuber\u00eda.<\/p><\/div>\n\t\t\t\t<\/div>\n\t\t\t\t<\/div>\n\t\t\t\t\t\t<\/div>\n\t\t\t<\/div>\n\t\t<\/div>\n\t\t\t\t<div class=\"elementor-element elementor-element-f80ed51 elementor-column elementor-col-33 elementor-top-column\" data-id=\"f80ed51\" data-element_type=\"column\">\n\t\t\t<div class=\"elementor-column-wrap  elementor-element-populated\">\n\t\t\t\t\t<div class=\"elementor-widget-wrap\">\n\t\t\t\t<div class=\"elementor-element elementor-element-f08fe77 elementor-widget elementor-widget-image\" data-id=\"f08fe77\" data-element_type=\"widget\" data-widget_type=\"image.default\">\n\t\t\t\t<div class=\"elementor-widget-container\">\n\t\t\t\t\t<div class=\"elementor-image\">\n\t\t\t\t\t\t\t\t\t\t<img width=\"304\" height=\"308\" src=\"https:\/\/www.gtr7.net\/wp-content\/uploads\/2021\/04\/FRESAT-I-CURAT.png\" class=\"attachment-large size-large\" alt=\"FRESAT-I-CURAT\" loading=\"lazy\" srcset=\"https:\/\/www.gtr7.net\/wp-content\/uploads\/2021\/04\/FRESAT-I-CURAT.png 304w, https:\/\/www.gtr7.net\/wp-content\/uploads\/2021\/04\/FRESAT-I-CURAT-296x300.png 296w, https:\/\/www.gtr7.net\/wp-content\/uploads\/2021\/04\/FRESAT-I-CURAT-100x100.png 100w\" sizes=\"(max-width: 304px) 100vw, 304px\" \/>\t\t\t\t\t\t\t\t\t\t\t<\/div>\n\t\t\t\t<\/div>\n\t\t\t\t<\/div>\n\t\t\t\t<div class=\"elementor-element elementor-element-edf8e35 elementor-widget elementor-widget-text-editor\" data-id=\"edf8e35\" data-element_type=\"widget\" data-widget_type=\"text-editor.default\">\n\t\t\t\t<div class=\"elementor-widget-container\">\n\t\t\t\t\t<div class=\"elementor-text-editor elementor-clearfix\"><h3 style=\"text-align: center;\"><strong>REPARACI\u00d3N<\/strong><\/h3><p style=\"text-align: center;\">Reparaci\u00f3n localizada de un deterioro (fisura, rotura, deformaciones, perforaciones o desgaste parcial) mediante la introducci\u00f3n de una manga en el interior de la ca\u00f1er\u00eda y aplicando resina mediante presi\u00f3n de agua o aire.<\/p><\/div>\n\t\t\t\t<\/div>\n\t\t\t\t<\/div>\n\t\t\t\t\t\t<\/div>\n\t\t\t<\/div>\n\t\t<\/div>\n\t\t\t\t\t\t<\/div>\n\t\t\t<\/div>\n\t\t<\/section>\n\t\t\t\t<section class=\"elementor-element elementor-element-ad3aae5 elementor-section-boxed elementor-section-height-default elementor-section-height-default elementor-section elementor-top-section\" data-id=\"ad3aae5\" data-element_type=\"section\">\n\t\t\t\t\t\t<div class=\"elementor-container elementor-column-gap-default\">\n\t\t\t\t<div class=\"elementor-row\">\n\t\t\t\t<div class=\"elementor-element elementor-element-8dbf79c elementor-column elementor-col-100 elementor-top-column\" data-id=\"8dbf79c\" data-element_type=\"column\">\n\t\t\t<div class=\"elementor-column-wrap  elementor-element-populated\">\n\t\t\t\t\t<div class=\"elementor-widget-wrap\">\n\t\t\t\t<div class=\"elementor-element elementor-element-3426382 elementor-heading__align-center elementor-widget elementor-widget-heading\" data-id=\"3426382\" data-element_type=\"widget\" data-widget_type=\"heading.default\">\n\t\t\t\t<div class=\"elementor-widget-container\">\n\t\t\t<h2 class=\"elementor-heading-title elementor-size-default\">Todas nuestras soluciones tienen una garant\u00eda de 10 a\u00f1os para los trabajos efectuados<\/h2>\t\t<\/div>\n\t\t\t\t<\/div>\n\t\t\t\t<div class=\"elementor-element elementor-element-482f5b8 elementor-widget elementor-widget-spacer\" data-id=\"482f5b8\" data-element_type=\"widget\" data-widget_type=\"spacer.default\">\n\t\t\t\t<div class=\"elementor-widget-container\">\n\t\t\t\t\t<div class=\"elementor-spacer\">\n\t\t\t<div class=\"elementor-spacer-inner\"><\/div>\n\t\t<\/div>\n\t\t\t\t<\/div>\n\t\t\t\t<\/div>\n\t\t\t\t\t\t<\/div>\n\t\t\t<\/div>\n\t\t<\/div>\n\t\t\t\t\t\t<\/div>\n\t\t\t<\/div>\n\t\t<\/section>\n\t\t\t\t<section class=\"elementor-element elementor-element-26e29ba elementor-section-boxed elementor-section-height-default elementor-section-height-default elementor-section elementor-top-section\" data-id=\"26e29ba\" data-element_type=\"section\">\n\t\t\t\t\t\t<div class=\"elementor-container elementor-column-gap-default\">\n\t\t\t\t<div class=\"elementor-row\">\n\t\t\t\t<div class=\"elementor-element elementor-element-7cf39ea elementor-column elementor-col-50 elementor-top-column\" data-id=\"7cf39ea\" data-element_type=\"column\">\n\t\t\t<div class=\"elementor-column-wrap  elementor-element-populated\">\n\t\t\t\t\t<div class=\"elementor-widget-wrap\">\n\t\t\t\t<div class=\"elementor-element elementor-element-c97e6c2 elementor-button-outline_primary elementor-align-center elementor-widget elementor-widget-button\" data-id=\"c97e6c2\" data-element_type=\"widget\" data-widget_type=\"button.default\">\n\t\t\t\t<div class=\"elementor-widget-container\">\n\t\t\t        <div class=\"elementor-button-wrapper\">\n            <a href=\"https:\/\/www.gtr7.net\/es\/presentacion\" class=\"elementor-button-link elementor-button elementor-size-lg\" role=\"button\">\n                        <span class=\"elementor-button-content-wrapper\">\n\t\t\t                <span class=\"elementor-button-icon elementor-align-icon-right\">\n\t\t\t\t<i class=\"fa fa-arrow-right\" aria-hidden=\"true\"><\/i>\n\t\t\t<\/span>\n                        <span class=\"elementor-button-text\">M\u00c1S INFORMACI\u00d3N<\/span>\n\t\t<\/span>\n                    <\/a>\n        <\/div>\n        \t\t<\/div>\n\t\t\t\t<\/div>\n\t\t\t\t\t\t<\/div>\n\t\t\t<\/div>\n\t\t<\/div>\n\t\t\t\t<div class=\"elementor-element elementor-element-5dd7d86 elementor-column elementor-col-50 elementor-top-column\" data-id=\"5dd7d86\" data-element_type=\"column\">\n\t\t\t<div class=\"elementor-column-wrap  elementor-element-populated\">\n\t\t\t\t\t<div class=\"elementor-widget-wrap\">\n\t\t\t\t<div class=\"elementor-element elementor-element-b595d67 elementor-align-center elementor-button-primary elementor-widget elementor-widget-button\" data-id=\"b595d67\" data-element_type=\"widget\" data-widget_type=\"button.default\">\n\t\t\t\t<div class=\"elementor-widget-container\">\n\t\t\t        <div class=\"elementor-button-wrapper opal-button-contact7\">\n            <a href=\"#opal-contactform-popup-b595d67\" class=\"elementor-button-link elementor-button elementor-size-lg\" role=\"button\" data-effect=\"mfp-zoom-in\">\n                        <span class=\"elementor-button-content-wrapper\">\n\t\t\t                <span class=\"elementor-button-icon elementor-align-icon-right\">\n\t\t\t\t<i class=\"fa fa-arrow-right\" aria-hidden=\"true\"><\/i>\n\t\t\t<\/span>\n                        <span class=\"elementor-button-text\">PEDIRNOS PRESUPUESTO<\/span>\n\t\t<\/span>\n                    <\/a>\n        <\/div>\n                    <div id=\"opal-contactform-popup-b595d67\" class=\"mfp-hide contactform-content\">\n                <div class=\"heading-form\">\n                    <div class=\"form-title\">Formulario de contacto<\/div>\n                <\/div>\n                <div role=\"form\" class=\"wpcf7\" id=\"wpcf7-f2930-o1\" lang=\"ca\" dir=\"ltr\">\n<div class=\"screen-reader-response\"><p role=\"status\" aria-live=\"polite\" aria-atomic=\"true\"><\/p> <ul><\/ul><\/div>\n<form action=\"\/es\/wp-json\/wp\/v2\/pages\/2887#wpcf7-f2930-o1\" method=\"post\" class=\"wpcf7-form init\" novalidate=\"novalidate\" data-status=\"init\">\n<div style=\"display: none;\">\n<input type=\"hidden\" name=\"_wpcf7\" value=\"2930\" \/>\n<input type=\"hidden\" name=\"_wpcf7_version\" value=\"5.3.2\" \/>\n<input type=\"hidden\" name=\"_wpcf7_locale\" value=\"ca\" \/>\n<input type=\"hidden\" name=\"_wpcf7_unit_tag\" value=\"wpcf7-f2930-o1\" \/>\n<input type=\"hidden\" name=\"_wpcf7_container_post\" value=\"0\" \/>\n<input type=\"hidden\" name=\"_wpcf7_posted_data_hash\" value=\"\" \/>\n<\/div>\n<div class=\"row\">\n<div class=\"col-sm-12\">\n<div class=\"mb-3\"><span class=\"wpcf7-form-control-wrap your-message\"><textarea name=\"your-message\" cols=\"20\" rows=\"5\" class=\"wpcf7-form-control wpcf7-textarea\" aria-invalid=\"false\" placeholder=\"Mensaje\"><\/textarea><\/span><\/div>\n<\/div>\n<div class=\"col-sm-4\">\n<div class=\"mb-3\"><span class=\"wpcf7-form-control-wrap your-name\"><input type=\"text\" name=\"your-name\" value=\"\" size=\"40\" class=\"wpcf7-form-control wpcf7-text wpcf7-validates-as-required\" aria-required=\"true\" aria-invalid=\"false\" placeholder=\"Nombre y Apellidos\" \/><\/span> <\/div>\n<\/div>\n<div class=\"col-sm-4\">\n<div class=\"mb-3\"><span class=\"wpcf7-form-control-wrap tel-673\"><input type=\"tel\" name=\"tel-673\" value=\"\" size=\"40\" class=\"wpcf7-form-control wpcf7-text wpcf7-tel wpcf7-validates-as-required wpcf7-validates-as-tel\" aria-required=\"true\" aria-invalid=\"false\" placeholder=\"Tel\u00e9fono\" \/><\/span><\/div>\n<\/div>\n<div class=\"col-sm-4\">\n<div class=\"mb-3\"><span class=\"wpcf7-form-control-wrap your-email\"><input type=\"email\" name=\"your-email\" value=\"\" size=\"40\" class=\"wpcf7-form-control wpcf7-text wpcf7-email wpcf7-validates-as-required wpcf7-validates-as-email\" aria-required=\"true\" aria-invalid=\"false\" placeholder=\"Correo electr\u00f3nico\" \/><\/span><\/div>\n<\/div>\n<div class=\"col-sm-12\">\n<div class=\"mb-3\"><span class=\"wpcf7-form-control-wrap text-541\"><input type=\"text\" name=\"text-541\" value=\"\" size=\"40\" class=\"wpcf7-form-control wpcf7-text wpcf7-validates-as-required\" aria-required=\"true\" aria-invalid=\"false\" placeholder=\"Indique la ciudad donde quiere realizar la renovaci\u00f3n\" \/><\/span><\/div>\n<\/div>\n<div class=\"col-sm-12\">\n<div class=\"mb-3\"><span class=\"wpcf7-form-control-wrap quiz-926\"><label><span class=\"wpcf7-quiz-label\">Pregunta Antispam: 406+3?<\/span> <input type=\"text\" name=\"quiz-926\" size=\"40\" class=\"wpcf7-form-control wpcf7-quiz\" autocomplete=\"off\" aria-required=\"true\" aria-invalid=\"false\" \/><\/label><input type=\"hidden\" name=\"_wpcf7_quiz_answer_quiz-926\" value=\"c5314cbe6efcfd499632075ae35141fa\" \/><\/span><\/div>\n<\/div>\n<div class=\"col-sm-12\">\n<div class=\"mb-3\"><input type=\"submit\" value=\"Enviar\" class=\"wpcf7-form-control wpcf7-submit w-100 button-lg\" \/><\/div>\n<\/div>\n<div class=\"col-sm-12\">\n<div class=\"mb-3 text-center\"><span class=\"wpcf7-form-control-wrap checkbox-336\"><span class=\"wpcf7-form-control wpcf7-checkbox wpcf7-validates-as-required\"><span class=\"wpcf7-list-item first last\"><input type=\"checkbox\" name=\"checkbox-336[]\" value=\"Acepto la Pol\u00edtica de privacidad.\" \/><span class=\"wpcf7-list-item-label\">Acepto la Pol\u00edtica de privacidad.<\/span><\/span><\/span><\/span> <\/div>\n<\/div>\n<\/div>\n<div class=\"wpcf7-response-output\" aria-hidden=\"true\"><\/div><\/form><\/div>            <\/div>\n            \t\t<\/div>\n\t\t\t\t<\/div>\n\t\t\t\t<div class=\"elementor-element elementor-element-2672f65 elementor-widget elementor-widget-spacer\" data-id=\"2672f65\" data-element_type=\"widget\" data-widget_type=\"spacer.default\">\n\t\t\t\t<div class=\"elementor-widget-container\">\n\t\t\t\t\t<div class=\"elementor-spacer\">\n\t\t\t<div class=\"elementor-spacer-inner\"><\/div>\n\t\t<\/div>\n\t\t\t\t<\/div>\n\t\t\t\t<\/div>\n\t\t\t\t\t\t<\/div>\n\t\t\t<\/div>\n\t\t<\/div>\n\t\t\t\t\t\t<\/div>\n\t\t\t<\/div>\n\t\t<\/section>\n\t\t\t\t\t\t<\/div>\n\t\t\t<\/div>\n\t\t<\/div>\n\t\t","protected":false},"excerpt":{"rendered":"<p>NUESTROS SERVICIOS Despu\u00e9s de haber revisado las ca\u00f1er\u00edas e identificar el problema, os podemos ofrecer una de estas tres posibles intervenciones: ENCAMISADO Rehabilitaci\u00f3n total de la ca\u00f1er\u00eda mediante el encamisado de esta con una resina epoxi sobre toda la longitud de la ca\u00f1er\u00eda. Esta nueva capa dar\u00e1 fortaleza estructural a la ca\u00f1er\u00eda. Se utiliza la &hellip; <\/p>\n<p class=\"link-more\"><a href=\"https:\/\/www.gtr7.net\/es\/servicios\/\" class=\"more-link\">Read More <span class=\"screen-reader-text\"> \u00abServicios\u00bb<\/span><\/a><\/p>\n","protected":false},"author":1,"featured_media":0,"parent":0,"menu_order":0,"comment_status":"closed","ping_status":"closed","template":"","meta":[],"_links":{"self":[{"href":"https:\/\/www.gtr7.net\/es\/wp-json\/wp\/v2\/pages\/2887"}],"collection":[{"href":"https:\/\/www.gtr7.net\/es\/wp-json\/wp\/v2\/pages"}],"about":[{"href":"https:\/\/www.gtr7.net\/es\/wp-json\/wp\/v2\/types\/page"}],"author":[{"embeddable":true,"href":"https:\/\/www.gtr7.net\/es\/wp-json\/wp\/v2\/users\/1"}],"replies":[{"embeddable":true,"href":"https:\/\/www.gtr7.net\/es\/wp-json\/wp\/v2\/comments?post=2887"}],"version-history":[{"count":20,"href":"https:\/\/www.gtr7.net\/es\/wp-json\/wp\/v2\/pages\/2887\/revisions"}],"predecessor-version":[{"id":3082,"href":"https:\/\/www.gtr7.net\/es\/wp-json\/wp\/v2\/pages\/2887\/revisions\/3082"}],"wp:attachment":[{"href":"https:\/\/www.gtr7.net\/es\/wp-json\/wp\/v2\/media?parent=2887"}],"curies":[{"name":"wp","href":"https:\/\/api.w.org\/{rel}","templated":true}]}}