{"id":2612,"date":"2021-02-17T14:32:52","date_gmt":"2021-02-17T12:32:52","guid":{"rendered":"https:\/\/www.thehealthplaceresidencial.com\/politica-de-privacitat\/"},"modified":"2021-05-11T11:19:34","modified_gmt":"2021-05-11T09:19:34","slug":"politica-de-privacidad","status":"publish","type":"page","link":"https:\/\/www.gtr7.net\/es\/politica-de-privacidad\/","title":{"rendered":"Pol\u00edtica de privacidad"},"content":{"rendered":"\t\t<div data-elementor-type=\"wp-page\" data-elementor-id=\"2612\" class=\"elementor elementor-2612 elementor-3\" data-elementor-settings=\"[]\">\n\t\t\t<div class=\"elementor-inner\">\n\t\t\t\t<div class=\"elementor-section-wrap\">\n\t\t\t\t\t\t\t<section class=\"elementor-element elementor-element-62dedd4f elementor-section-boxed elementor-section-height-default elementor-section-height-default elementor-section elementor-top-section\" data-id=\"62dedd4f\" data-element_type=\"section\">\n\t\t\t\t\t\t<div class=\"elementor-container elementor-column-gap-default\">\n\t\t\t\t<div class=\"elementor-row\">\n\t\t\t\t<div class=\"elementor-element elementor-element-364a3217 elementor-column elementor-col-100 elementor-top-column\" data-id=\"364a3217\" data-element_type=\"column\">\n\t\t\t<div class=\"elementor-column-wrap  elementor-element-populated\">\n\t\t\t\t\t<div class=\"elementor-widget-wrap\">\n\t\t\t\t<div class=\"elementor-element elementor-element-6c8e0176 elementor-widget elementor-widget-text-editor\" data-id=\"6c8e0176\" data-element_type=\"widget\" data-widget_type=\"text-editor.default\">\n\t\t\t\t<div class=\"elementor-widget-container\">\n\t\t\t\t\t<div class=\"elementor-text-editor elementor-clearfix\"><h2 style=\"text-align: justify;\"><strong>Pol\u00edtica de privacitat<\/strong><\/h2>\n<p>Responsable: GTR7 CATALUNYA, SLU<\/p>\n<p><span style=\"font-size: 1rem;\">Finalitat: gesti\u00f3 de les sol\u00b7licituds d\u2019informaci\u00f3 a trav\u00e9s del lloc web amb la finalitat de prestar-vos serveis professionals de reparaci\u00f3 de canonades i aix\u00ed facilitar-vos informaci\u00f3 sobre el que sol\u00b7liciteu.<\/span><\/p>\n<p><span style=\"font-size: 1rem;\">Legitimaci\u00f3: la legitimaci\u00f3 es basa en el consentiment que ens atorgueu en clicar el bot\u00f3 Accepto la pol\u00edtica de protecci\u00f3 de dades.<br><\/span><span style=\"font-size: 1rem;\">Destinataris: les vostres dades no se cediran a ning\u00fa, excepte en cas d\u2019obligaci\u00f3 legal.<br><\/span><span style=\"font-size: 1rem;\">Drets: podreu exercir els drets d\u2019acc\u00e9s, rectificaci\u00f3, supressi\u00f3, oposici\u00f3, portabilitat i retirada de consentiment de les vostres dades personals a l\u2019adre\u00e7a de correu electr\u00f2nic: <\/span><strong style=\"font-size: 1rem;\">contactgtr7@gmail.com<\/strong><\/p>\n<h2 style=\"text-align: justify;\"><strong>Pol\u00edtica de cookies<\/strong><\/h2>\n<p>Per al funcionament correcte de www.gtr7.net, utilitzem galetes de navegaci\u00f3 al vostre dispositiu. Una galeta \u00e9s un petit fitxer de text que el lloc web diposita en el vostre ordinador o m\u00f2bil durant un per\u00edode de temps determinat. Aquesta galeta recorda que ens heu visitat darrerament i no repeteix el missatge de consentiment cada cop que es navega de p\u00e0gina a p\u00e0gina.<\/p>\n<p>Les galetes permeten que el lloc web reconegui com heu navegat, quin contingut us ha interessat o quines prefer\u00e8ncies heu mostrat en la vostra visita, com ara l\u2019inici de sessi\u00f3 o b\u00e9 l\u2019idioma de navegaci\u00f3, entre d\u2019altres. Les galetes no recullen en cap cas dades de car\u00e0cter personal, s\u00f3n totalment an\u00f2nimes i les dades que www.gtr7.net obt\u00e9 a trav\u00e9s de Google Analytics tenen l\u2019adre\u00e7a IP encriptada. Aquestes dades ens permeten rebre informaci\u00f3 sobre els nostres usuaris, que despr\u00e9s podem utilitzar per poder crear una millor experi\u00e8ncia de navegaci\u00f3 i per millorar les funcionalitats del lloc web.<\/p>\n<p>Com a usuari, sempre podeu configurar el navegador perqu\u00e8 informi de la pres\u00e8ncia de galetes o b\u00e9 podeu configurar-lo manualment perqu\u00e8 no les admeti, ja que aquesta acci\u00f3 no impedir\u00e0 que pugueu accedir a la informaci\u00f3 del lloc web<span style=\"font-size: 1rem; text-align: justify;\">.<\/span><\/p>\n<h2 style=\"text-align: justify;\"><strong>Av\u00eds legal<\/strong><\/h2>\n<p style=\"text-align: justify;\">Les dades del propietari del lloc web s\u00f3n els seg\u00fcents:<br>Nom: GTR7 CATALUNYA, SLU<em><br><\/em>N\u00famero de registre tributari:&nbsp;L-715126-K<br>Adre\u00e7a f\u00edsica: Avinguda Pr\u00edncep Benlloch, 26-30, 2n &#8211; AD500 Andorra la Vella &#8211; ANDORRA<br>Adre\u00e7a de correu electr\u00f2nic: <strong>contactgtr7@gmail.com<\/strong><br>Tel\u00e8fon de contacte: +376 819 590<\/p><\/div>\n\t\t\t\t<\/div>\n\t\t\t\t<\/div>\n\t\t\t\t\t\t<\/div>\n\t\t\t<\/div>\n\t\t<\/div>\n\t\t\t\t\t\t<\/div>\n\t\t\t<\/div>\n\t\t<\/section>\n\t\t\t\t\t\t<\/div>\n\t\t\t<\/div>\n\t\t<\/div>\n\t\t","protected":false},"excerpt":{"rendered":"<p>Pol\u00edtica de privacitat Responsable: GTR7 CATALUNYA, SLU Finalitat: gesti\u00f3 de les sol\u00b7licituds d\u2019informaci\u00f3 a trav\u00e9s del lloc web amb la finalitat de prestar-vos serveis professionals de reparaci\u00f3 de canonades i aix\u00ed facilitar-vos informaci\u00f3 sobre el que sol\u00b7liciteu. Legitimaci\u00f3: la legitimaci\u00f3 es basa en el consentiment que ens atorgueu en clicar el bot\u00f3 Accepto la pol\u00edtica &hellip; <\/p>\n<p class=\"link-more\"><a href=\"https:\/\/www.gtr7.net\/es\/politica-de-privacidad\/\" class=\"more-link\">Read More <span class=\"screen-reader-text\"> \u00abPol\u00edtica de privacidad\u00bb<\/span><\/a><\/p>\n","protected":false},"author":1,"featured_media":0,"parent":0,"menu_order":0,"comment_status":"closed","ping_status":"open","template":"","meta":[],"_links":{"self":[{"href":"https:\/\/www.gtr7.net\/es\/wp-json\/wp\/v2\/pages\/2612"}],"collection":[{"href":"https:\/\/www.gtr7.net\/es\/wp-json\/wp\/v2\/pages"}],"about":[{"href":"https:\/\/www.gtr7.net\/es\/wp-json\/wp\/v2\/types\/page"}],"author":[{"embeddable":true,"href":"https:\/\/www.gtr7.net\/es\/wp-json\/wp\/v2\/users\/1"}],"replies":[{"embeddable":true,"href":"https:\/\/www.gtr7.net\/es\/wp-json\/wp\/v2\/comments?post=2612"}],"version-history":[{"count":11,"href":"https:\/\/www.gtr7.net\/es\/wp-json\/wp\/v2\/pages\/2612\/revisions"}],"predecessor-version":[{"id":2921,"href":"https:\/\/www.gtr7.net\/es\/wp-json\/wp\/v2\/pages\/2612\/revisions\/2921"}],"wp:attachment":[{"href":"https:\/\/www.gtr7.net\/es\/wp-json\/wp\/v2\/media?parent=2612"}],"curies":[{"name":"wp","href":"https:\/\/api.w.org\/{rel}","templated":true}]}}